{"id":3532,"date":"2025-02-08T14:08:36","date_gmt":"2025-02-08T14:08:36","guid":{"rendered":"https:\/\/paluseslaivai.lt\/?page_id=3532"},"modified":"2025-02-08T14:52:25","modified_gmt":"2025-02-08T14:52:25","slug":"about-us","status":"publish","type":"page","link":"https:\/\/paluseslaivai.lt\/en\/about-us\/","title":{"rendered":"About us"},"content":{"rendered":"<div data-elementor-type=\"wp-post\" data-elementor-id=\"3532\" class=\"elementor elementor-3532\">\n\t\t\t\t<div class=\"elementor-element elementor-element-5f02ddf e-flex e-con-boxed e-con e-parent\" data-id=\"5f02ddf\" data-element_type=\"container\" data-settings=\"{&quot;background_background&quot;:&quot;classic&quot;}\">\n\t\t\t\t\t<div class=\"e-con-inner\">\n\t\t<div class=\"elementor-element elementor-element-0502d81 e-con-full e-flex e-con e-child\" data-id=\"0502d81\" data-element_type=\"container\">\n\t\t\t\t<div class=\"elementor-element elementor-element-03d202b elementor-widget elementor-widget-heading\" data-id=\"03d202b\" data-element_type=\"widget\" data-widget_type=\"heading.default\">\n\t\t\t\t<div class=\"elementor-widget-container\">\n\t\t\t\t\t<h1 class=\"elementor-heading-title elementor-size-default\">About us<\/h1>\t\t\t\t<\/div>\n\t\t\t\t<\/div>\n\t\t\t\t<\/div>\n\t\t\t\t\t<\/div>\n\t\t\t\t<\/div>\n\t\t<div class=\"elementor-element elementor-element-ce23579 e-flex e-con-boxed e-con e-parent\" data-id=\"ce23579\" data-element_type=\"container\">\n\t\t\t\t\t<div class=\"e-con-inner\">\n\t\t<div class=\"elementor-element elementor-element-6e797d3 e-con-full e-flex e-con e-child\" data-id=\"6e797d3\" data-element_type=\"container\">\n\t\t<div class=\"elementor-element elementor-element-a69c265 e-con-full e-flex e-con e-child\" data-id=\"a69c265\" data-element_type=\"container\">\n\t\t\t\t<div class=\"elementor-element elementor-element-b10f5aa elementor-widget elementor-widget-text-editor\" data-id=\"b10f5aa\" data-element_type=\"widget\" data-widget_type=\"text-editor.default\">\n\t\t\t\t<div class=\"elementor-widget-container\">\n\t\t\t\t\t\t\t\t\t<div class=\"gb-grid-wrapper gb-grid-wrapper-9f68e020\"><div class=\"gb-grid-column gb-grid-column-ae6b02e4\"><div class=\"gb-container gb-container-ae6b02e4\"><div class=\"gb-inside-container\"><p>Hello nature lovers, travellers and entertainment enthusiasts!<\/p><p>I have been renting boats, dinghies, kayaks and other watercraft for 3 decades in Palouse. And it all started with the first wooden boat, built in 1956, moored on the shore of Lake L\u016b\u0161iai. Brought from Klaip\u0117da, it belonged for many years to the border guards of the Baltic Sea coast. The 16-metre-long vessel did not accommodate travellers in Pal\u016b\u0161\u0117, but its three cabins could accommodate 10 people.<\/p><p>For a long time, I only rented boats and kayaks. Since 2015, motorboat permits have been formalised for sightseeing excursions on the lakes of Auk\u0161taitija National Park. This was an incentive to buy a bigger boat. This is how the antique ship &#8222;Vytis&#8221; came into being, followed by &#8222;Vitaminas&#8221; and &#8222;Barbara&#8221;.<\/p><p>\u00a0<\/p><p><br \/>This opened up opportunities for lovers of entertainment to enjoy nature and the labyrinths of the lakes comfortably and safely.<\/p><p>I have had a fondness for ship harbours and travel since childhood. I promise that travelling on my boats will bring you and your loved ones joy, good emotions and the will to live!<\/p><p>Audrius<\/p><\/div><\/div><\/div><\/div>\t\t\t\t\t\t\t\t<\/div>\n\t\t\t\t<\/div>\n\t\t\t\t<\/div>\n\t\t\t\t<\/div>\n\t\t\t\t\t<\/div>\n\t\t\t\t<\/div>\n\t\t<div class=\"elementor-element elementor-element-1af7748 e-flex e-con-boxed e-con e-parent\" data-id=\"1af7748\" data-element_type=\"container\">\n\t\t\t\t\t<div class=\"e-con-inner\">\n\t\t\t\t<div class=\"elementor-element elementor-element-7a9a2ad elementor-widget elementor-widget-image-gallery\" data-id=\"7a9a2ad\" data-element_type=\"widget\" data-widget_type=\"image-gallery.default\">\n\t\t\t\t<div class=\"elementor-widget-container\">\n\t\t\t\t\t\t\t<div class=\"elementor-image-gallery\">\n\t\t\t<div id='gallery-1' class='gallery galleryid-3532 gallery-columns-1 gallery-size-large'><figure class='gallery-item'>\n\t\t\t<div class='gallery-icon landscape'>\n\t\t\t\t<a data-elementor-open-lightbox=\"yes\" data-elementor-lightbox-slideshow=\"7a9a2ad\" data-e-action-hash=\"#elementor-action%3Aaction%3Dlightbox%26settings%3DeyJpZCI6MzEwNSwidXJsIjoiaHR0cHM6XC9cL3BhbHVzZXNsYWl2YWkubHRcL3dwLWNvbnRlbnRcL3VwbG9hZHNcLzIwMjVcLzAyXC9JTUdfMjAxOTA3MjBfMjMwNTM1XzExNi5qcGciLCJzbGlkZXNob3ciOiI3YTlhMmFkIn0%3D\" href='https:\/\/paluseslaivai.lt\/wp-content\/uploads\/2025\/02\/IMG_20190720_230535_116.jpg'><img fetchpriority=\"high\" decoding=\"async\" width=\"1024\" height=\"1024\" src=\"https:\/\/paluseslaivai.lt\/wp-content\/uploads\/2025\/02\/IMG_20190720_230535_116.jpg\" class=\"attachment-large size-large\" alt=\"\" srcset=\"https:\/\/paluseslaivai.lt\/wp-content\/uploads\/2025\/02\/IMG_20190720_230535_116.jpg 1024w, https:\/\/paluseslaivai.lt\/wp-content\/uploads\/2025\/02\/IMG_20190720_230535_116-300x300.jpg 300w, https:\/\/paluseslaivai.lt\/wp-content\/uploads\/2025\/02\/IMG_20190720_230535_116-150x150.jpg 150w, https:\/\/paluseslaivai.lt\/wp-content\/uploads\/2025\/02\/IMG_20190720_230535_116-768x768.jpg 768w\" sizes=\"(max-width: 1024px) 100vw, 1024px\" \/><\/a>\n\t\t\t<\/div><\/figure>\n\t\t<\/div>\n\t\t<\/div>\n\t\t\t\t\t\t<\/div>\n\t\t\t\t<\/div>\n\t\t\t\t\t<\/div>\n\t\t\t\t<\/div>\n\t\t\t\t<\/div>","protected":false},"excerpt":{"rendered":"<p>About us Hello nature lovers, travellers and entertainment enthusiasts! I have been renting boats, dinghies, kayaks and other watercraft for 3 decades in Palouse. And it all started with the first wooden boat, built in 1956, moored on the shore of Lake L\u016b\u0161iai. Brought from Klaip\u0117da, it belonged for many years to the border guards [&hellip;]<\/p>","protected":false},"author":1,"featured_media":0,"parent":0,"menu_order":0,"comment_status":"closed","ping_status":"closed","template":"","meta":{"site-sidebar-layout":"no-sidebar","site-content-layout":"page-builder","ast-site-content-layout":"full-width-container","site-content-style":"unboxed","site-sidebar-style":"unboxed","ast-global-header-display":"","ast-banner-title-visibility":"","ast-main-header-display":"","ast-hfb-above-header-display":"","ast-hfb-below-header-display":"","ast-hfb-mobile-header-display":"","site-post-title":"disabled","ast-breadcrumbs-content":"","ast-featured-img":"disabled","footer-sml-layout":"","theme-transparent-header-meta":"enabled","adv-header-id-meta":"","stick-header-meta":"","header-above-stick-meta":"","header-main-stick-meta":"","header-below-stick-meta":"","astra-migrate-meta-layouts":"set","ast-page-background-enabled":"default","ast-page-background-meta":{"desktop":{"background-color":"","background-image":"","background-repeat":"repeat","background-position":"center center","background-size":"auto","background-attachment":"scroll","background-type":"","background-media":"","overlay-type":"","overlay-color":"","overlay-opacity":"","overlay-gradient":""},"tablet":{"background-color":"","background-image":"","background-repeat":"repeat","background-position":"center center","background-size":"auto","background-attachment":"scroll","background-type":"","background-media":"","overlay-type":"","overlay-color":"","overlay-opacity":"","overlay-gradient":""},"mobile":{"background-color":"","background-image":"","background-repeat":"repeat","background-position":"center center","background-size":"auto","background-attachment":"scroll","background-type":"","background-media":"","overlay-type":"","overlay-color":"","overlay-opacity":"","overlay-gradient":""}},"ast-content-background-meta":{"desktop":{"background-color":"var(--ast-global-color-5)","background-image":"","background-repeat":"repeat","background-position":"center center","background-size":"auto","background-attachment":"scroll","background-type":"","background-media":"","overlay-type":"","overlay-color":"","overlay-opacity":"","overlay-gradient":""},"tablet":{"background-color":"var(--ast-global-color-5)","background-image":"","background-repeat":"repeat","background-position":"center center","background-size":"auto","background-attachment":"scroll","background-type":"","background-media":"","overlay-type":"","overlay-color":"","overlay-opacity":"","overlay-gradient":""},"mobile":{"background-color":"var(--ast-global-color-5)","background-image":"","background-repeat":"repeat","background-position":"center center","background-size":"auto","background-attachment":"scroll","background-type":"","background-media":"","overlay-type":"","overlay-color":"","overlay-opacity":"","overlay-gradient":""}},"footnotes":""},"class_list":["post-3532","page","type-page","status-publish","hentry"],"yoast_head":"<!-- This site is optimized with the Yoast SEO plugin v25.4 - https:\/\/yoast.com\/wordpress\/plugins\/seo\/ -->\n<title>About us - paluseslaivai.lt<\/title>\n<meta name=\"description\" content=\"Boat rental. I have been renting boats, dinghies, kayaks and other watercraft for 3 decades in Pal\u016b\u0161\u0117.\" \/>\n<meta name=\"robots\" content=\"index, follow, max-snippet:-1, max-image-preview:large, max-video-preview:-1\" \/>\n<link rel=\"canonical\" href=\"https:\/\/paluseslaivai.lt\/en\/about-us\/\" \/>\n<meta property=\"og:locale\" content=\"en_GB\" \/>\n<meta property=\"og:type\" content=\"article\" \/>\n<meta property=\"og:title\" content=\"About us - paluseslaivai.lt\" \/>\n<meta property=\"og:description\" content=\"Boat rental. I have been renting boats, dinghies, kayaks and other watercraft for 3 decades in Pal\u016b\u0161\u0117.\" \/>\n<meta property=\"og:url\" content=\"https:\/\/paluseslaivai.lt\/en\/about-us\/\" \/>\n<meta property=\"og:site_name\" content=\"paluseslaivai.lt\" \/>\n<meta property=\"article:publisher\" content=\"https:\/\/www.facebook.com\/baidariuuostas\" \/>\n<meta property=\"article:modified_time\" content=\"2025-02-08T14:52:25+00:00\" \/>\n<meta property=\"og:image\" content=\"https:\/\/paluseslaivai.lt\/wp-content\/uploads\/2025\/02\/IMG_20190720_230535_116.jpg\" \/>\n<meta name=\"twitter:card\" content=\"summary_large_image\" \/>\n<meta name=\"twitter:label1\" content=\"Estimated reading time\" \/>\n\t<meta name=\"twitter:data1\" content=\"2 minutes\" \/>\n<script type=\"application\/ld+json\" class=\"yoast-schema-graph\">{\"@context\":\"https:\/\/schema.org\",\"@graph\":[{\"@type\":\"WebPage\",\"@id\":\"https:\/\/paluseslaivai.lt\/en\/about-us\/\",\"url\":\"https:\/\/paluseslaivai.lt\/en\/about-us\/\",\"name\":\"About us - paluseslaivai.lt\",\"isPartOf\":{\"@id\":\"https:\/\/paluseslaivai.lt\/en\/#website\"},\"primaryImageOfPage\":{\"@id\":\"https:\/\/paluseslaivai.lt\/en\/about-us\/#primaryimage\"},\"image\":{\"@id\":\"https:\/\/paluseslaivai.lt\/en\/about-us\/#primaryimage\"},\"thumbnailUrl\":\"https:\/\/paluseslaivai.lt\/wp-content\/uploads\/2025\/02\/IMG_20190720_230535_116.jpg\",\"datePublished\":\"2025-02-08T14:08:36+00:00\",\"dateModified\":\"2025-02-08T14:52:25+00:00\",\"description\":\"Boat rental. I have been renting boats, dinghies, kayaks and other watercraft for 3 decades in Pal\u016b\u0161\u0117.\",\"breadcrumb\":{\"@id\":\"https:\/\/paluseslaivai.lt\/en\/about-us\/#breadcrumb\"},\"inLanguage\":\"en-GB\",\"potentialAction\":[{\"@type\":\"ReadAction\",\"target\":[\"https:\/\/paluseslaivai.lt\/en\/about-us\/\"]}]},{\"@type\":\"ImageObject\",\"inLanguage\":\"en-GB\",\"@id\":\"https:\/\/paluseslaivai.lt\/en\/about-us\/#primaryimage\",\"url\":\"https:\/\/paluseslaivai.lt\/wp-content\/uploads\/2025\/02\/IMG_20190720_230535_116.jpg\",\"contentUrl\":\"https:\/\/paluseslaivai.lt\/wp-content\/uploads\/2025\/02\/IMG_20190720_230535_116.jpg\"},{\"@type\":\"BreadcrumbList\",\"@id\":\"https:\/\/paluseslaivai.lt\/en\/about-us\/#breadcrumb\",\"itemListElement\":[{\"@type\":\"ListItem\",\"position\":1,\"name\":\"Home\",\"item\":\"https:\/\/paluseslaivai.lt\/en\/home\/\"},{\"@type\":\"ListItem\",\"position\":2,\"name\":\"About us\"}]},{\"@type\":\"WebSite\",\"@id\":\"https:\/\/paluseslaivai.lt\/en\/#website\",\"url\":\"https:\/\/paluseslaivai.lt\/en\/\",\"name\":\"paluseslaivai.lt\",\"description\":\"\",\"publisher\":{\"@id\":\"https:\/\/paluseslaivai.lt\/en\/#organization\"},\"potentialAction\":[{\"@type\":\"SearchAction\",\"target\":{\"@type\":\"EntryPoint\",\"urlTemplate\":\"https:\/\/paluseslaivai.lt\/en\/?s={search_term_string}\"},\"query-input\":{\"@type\":\"PropertyValueSpecification\",\"valueRequired\":true,\"valueName\":\"search_term_string\"}}],\"inLanguage\":\"en-GB\"},{\"@type\":\"Organization\",\"@id\":\"https:\/\/paluseslaivai.lt\/en\/#organization\",\"name\":\"paluseslaivai.lt\",\"url\":\"https:\/\/paluseslaivai.lt\/en\/\",\"logo\":{\"@type\":\"ImageObject\",\"inLanguage\":\"en-GB\",\"@id\":\"https:\/\/paluseslaivai.lt\/en\/#\/schema\/logo\/image\/\",\"url\":\"https:\/\/paluseslaivai.lt\/wp-content\/uploads\/2025\/01\/logo-green.svg\",\"contentUrl\":\"https:\/\/paluseslaivai.lt\/wp-content\/uploads\/2025\/01\/logo-green.svg\",\"width\":326,\"height\":94,\"caption\":\"paluseslaivai.lt\"},\"image\":{\"@id\":\"https:\/\/paluseslaivai.lt\/en\/#\/schema\/logo\/image\/\"},\"sameAs\":[\"https:\/\/www.facebook.com\/baidariuuostas\"]}]}<\/script>\n<!-- \/ Yoast SEO plugin. -->","yoast_head_json":{"title":"About us - paluseslaivai.lt","description":"Boat rental. I have been renting boats, dinghies, kayaks and other watercraft for 3 decades in Pal\u016b\u0161\u0117.","robots":{"index":"index","follow":"follow","max-snippet":"max-snippet:-1","max-image-preview":"max-image-preview:large","max-video-preview":"max-video-preview:-1"},"canonical":"https:\/\/paluseslaivai.lt\/en\/about-us\/","og_locale":"en_GB","og_type":"article","og_title":"About us - paluseslaivai.lt","og_description":"Boat rental. I have been renting boats, dinghies, kayaks and other watercraft for 3 decades in Pal\u016b\u0161\u0117.","og_url":"https:\/\/paluseslaivai.lt\/en\/about-us\/","og_site_name":"paluseslaivai.lt","article_publisher":"https:\/\/www.facebook.com\/baidariuuostas","article_modified_time":"2025-02-08T14:52:25+00:00","og_image":[{"url":"https:\/\/paluseslaivai.lt\/wp-content\/uploads\/2025\/02\/IMG_20190720_230535_116.jpg","type":"","width":"","height":""}],"twitter_card":"summary_large_image","twitter_misc":{"Estimated reading time":"2 minutes"},"schema":{"@context":"https:\/\/schema.org","@graph":[{"@type":"WebPage","@id":"https:\/\/paluseslaivai.lt\/en\/about-us\/","url":"https:\/\/paluseslaivai.lt\/en\/about-us\/","name":"About us - paluseslaivai.lt","isPartOf":{"@id":"https:\/\/paluseslaivai.lt\/en\/#website"},"primaryImageOfPage":{"@id":"https:\/\/paluseslaivai.lt\/en\/about-us\/#primaryimage"},"image":{"@id":"https:\/\/paluseslaivai.lt\/en\/about-us\/#primaryimage"},"thumbnailUrl":"https:\/\/paluseslaivai.lt\/wp-content\/uploads\/2025\/02\/IMG_20190720_230535_116.jpg","datePublished":"2025-02-08T14:08:36+00:00","dateModified":"2025-02-08T14:52:25+00:00","description":"Boat rental. I have been renting boats, dinghies, kayaks and other watercraft for 3 decades in Pal\u016b\u0161\u0117.","breadcrumb":{"@id":"https:\/\/paluseslaivai.lt\/en\/about-us\/#breadcrumb"},"inLanguage":"en-GB","potentialAction":[{"@type":"ReadAction","target":["https:\/\/paluseslaivai.lt\/en\/about-us\/"]}]},{"@type":"ImageObject","inLanguage":"en-GB","@id":"https:\/\/paluseslaivai.lt\/en\/about-us\/#primaryimage","url":"https:\/\/paluseslaivai.lt\/wp-content\/uploads\/2025\/02\/IMG_20190720_230535_116.jpg","contentUrl":"https:\/\/paluseslaivai.lt\/wp-content\/uploads\/2025\/02\/IMG_20190720_230535_116.jpg"},{"@type":"BreadcrumbList","@id":"https:\/\/paluseslaivai.lt\/en\/about-us\/#breadcrumb","itemListElement":[{"@type":"ListItem","position":1,"name":"Home","item":"https:\/\/paluseslaivai.lt\/en\/home\/"},{"@type":"ListItem","position":2,"name":"About us"}]},{"@type":"WebSite","@id":"https:\/\/paluseslaivai.lt\/en\/#website","url":"https:\/\/paluseslaivai.lt\/en\/","name":"paluseslaivai.lt","description":"","publisher":{"@id":"https:\/\/paluseslaivai.lt\/en\/#organization"},"potentialAction":[{"@type":"SearchAction","target":{"@type":"EntryPoint","urlTemplate":"https:\/\/paluseslaivai.lt\/en\/?s={search_term_string}"},"query-input":{"@type":"PropertyValueSpecification","valueRequired":true,"valueName":"search_term_string"}}],"inLanguage":"en-GB"},{"@type":"Organization","@id":"https:\/\/paluseslaivai.lt\/en\/#organization","name":"paluseslaivai.lt","url":"https:\/\/paluseslaivai.lt\/en\/","logo":{"@type":"ImageObject","inLanguage":"en-GB","@id":"https:\/\/paluseslaivai.lt\/en\/#\/schema\/logo\/image\/","url":"https:\/\/paluseslaivai.lt\/wp-content\/uploads\/2025\/01\/logo-green.svg","contentUrl":"https:\/\/paluseslaivai.lt\/wp-content\/uploads\/2025\/01\/logo-green.svg","width":326,"height":94,"caption":"paluseslaivai.lt"},"image":{"@id":"https:\/\/paluseslaivai.lt\/en\/#\/schema\/logo\/image\/"},"sameAs":["https:\/\/www.facebook.com\/baidariuuostas"]}]}},"_links":{"self":[{"href":"https:\/\/paluseslaivai.lt\/en\/wp-json\/wp\/v2\/pages\/3532","targetHints":{"allow":["GET"]}}],"collection":[{"href":"https:\/\/paluseslaivai.lt\/en\/wp-json\/wp\/v2\/pages"}],"about":[{"href":"https:\/\/paluseslaivai.lt\/en\/wp-json\/wp\/v2\/types\/page"}],"author":[{"embeddable":true,"href":"https:\/\/paluseslaivai.lt\/en\/wp-json\/wp\/v2\/users\/1"}],"replies":[{"embeddable":true,"href":"https:\/\/paluseslaivai.lt\/en\/wp-json\/wp\/v2\/comments?post=3532"}],"version-history":[{"count":4,"href":"https:\/\/paluseslaivai.lt\/en\/wp-json\/wp\/v2\/pages\/3532\/revisions"}],"predecessor-version":[{"id":3536,"href":"https:\/\/paluseslaivai.lt\/en\/wp-json\/wp\/v2\/pages\/3532\/revisions\/3536"}],"wp:attachment":[{"href":"https:\/\/paluseslaivai.lt\/en\/wp-json\/wp\/v2\/media?parent=3532"}],"curies":[{"name":"wp","href":"https:\/\/api.w.org\/{rel}","templated":true}]}}